{"id":35,"date":"2020-07-03T11:08:58","date_gmt":"2020-07-03T09:08:58","guid":{"rendered":"https:\/\/ballonprojekt.weg-schwabach.de\/?page_id=35"},"modified":"2020-07-11T13:39:45","modified_gmt":"2020-07-11T11:39:45","slug":"ueber-das-projekt","status":"publish","type":"page","link":"https:\/\/ballonprojekt.weg-schwabach.de\/index.php\/ueber-das-projekt\/","title":{"rendered":"\u00dcber das Projekt"},"content":{"rendered":"\n<h2>Das Seminar \u201eStratosph\u00e4renballon\u201c stellt sich vor:\u00a0<\/h2>\n\n\n\n<h4><em>\u201eKonzeption, Bau, Aufstieg und Bergung einer stratosph\u00e4renballongest\u00fctzten Nutzlast mit anschlie\u00dfender Auswertung\u201c- oder auch einfach \u201ewir bauen einen Wetterballon\u201c.&nbsp;<\/em><\/h4>\n\n\n\n<p>Glaubt ihr, es ist m\u00f6glich, einen Ballon zu bauen, der in 30.000 Metern H\u00f6he Messungen durchf\u00fchrt und sogar Fotos schie\u00dft? Denn genau das ist unser Ziel: Wir wollen hoch hinaus!&nbsp;&nbsp;<\/p>\n\n\n\n<p>Dank der finanziellen Unterst\u00fctzung&nbsp;der B\u00fcrgerstiftung Schwabach und der Raiffeisenbank Schwabach ist der Grundstein f\u00fcr unser Projekt gelegt und es kann losgehen.&nbsp;Naja, noch nicht ganz,&nbsp;vorher mussten wir noch gr\u00fcndlich recherchieren,&nbsp;denn&nbsp;es gibt einiges zu planen und zu beachten:&nbsp;<\/p>\n\n\n\n<p>Was genau ist unser Ziel? Was wollen wir messen? Was ben\u00f6tigen wir daf\u00fcr? Wie teuer wird unser Projekt?&nbsp;Was gibt es beim Start zu beachten?&nbsp;Wie finden wir den Ballon nach einem&nbsp;(hoffentlich) erfolgreichen&nbsp;Flug&nbsp;wieder?&nbsp;Und was passiert, wenn unser Ballon ein Flugzeug zum Absturz&nbsp;bringt?&nbsp;<\/p>\n\n\n\n<p>Diese Fragen wurden in&nbsp;der letzten Zeit gekl\u00e4rt, es wurden Versicherungen abgeschlossen,&nbsp;Genehmigungen&nbsp;f\u00fcr den Starttermin&nbsp;eingeholt und&nbsp;die sorgf\u00e4ltig ausgew\u00e4hlten Bauteile&nbsp;gekauft.&nbsp;Jetzt kann endlich der Bau beginnen!&nbsp;<\/p>\n\n\n\n<p>Wenn&nbsp;ihr&nbsp;up-to-date bleiben wollt,&nbsp;findet ihr hier regelm\u00e4\u00dfig&nbsp;weitere Infos und Fotos zu unserem Projekt.&nbsp;<\/p>\n","protected":false},"excerpt":{"rendered":"<p>Das Seminar \u201eStratosph\u00e4renballon\u201c stellt sich vor:\u00a0 \u201eKonzeption, Bau, Aufstieg und Bergung einer stratosph\u00e4renballongest\u00fctzten Nutzlast mit anschlie\u00dfender Auswertung\u201c- oder auch einfach \u201ewir bauen einen Wetterballon\u201c.&nbsp; Glaubt ihr, es ist m\u00f6glich, einen Ballon zu bauen, der in 30.000 Metern H\u00f6he Messungen durchf\u00fchrt und sogar Fotos schie\u00dft? Denn genau das ist unser Ziel: Wir wollen hoch hinaus!&nbsp;&nbsp; Dank&#8230;<\/p>\n","protected":false},"author":3,"featured_media":0,"parent":0,"menu_order":0,"comment_status":"closed","ping_status":"closed","template":"","meta":[],"_links":{"self":[{"href":"https:\/\/ballonprojekt.weg-schwabach.de\/index.php\/wp-json\/wp\/v2\/pages\/35"}],"collection":[{"href":"https:\/\/ballonprojekt.weg-schwabach.de\/index.php\/wp-json\/wp\/v2\/pages"}],"about":[{"href":"https:\/\/ballonprojekt.weg-schwabach.de\/index.php\/wp-json\/wp\/v2\/types\/page"}],"author":[{"embeddable":true,"href":"https:\/\/ballonprojekt.weg-schwabach.de\/index.php\/wp-json\/wp\/v2\/users\/3"}],"replies":[{"embeddable":true,"href":"https:\/\/ballonprojekt.weg-schwabach.de\/index.php\/wp-json\/wp\/v2\/comments?post=35"}],"version-history":[{"count":4,"href":"https:\/\/ballonprojekt.weg-schwabach.de\/index.php\/wp-json\/wp\/v2\/pages\/35\/revisions"}],"predecessor-version":[{"id":117,"href":"https:\/\/ballonprojekt.weg-schwabach.de\/index.php\/wp-json\/wp\/v2\/pages\/35\/revisions\/117"}],"wp:attachment":[{"href":"https:\/\/ballonprojekt.weg-schwabach.de\/index.php\/wp-json\/wp\/v2\/media?parent=35"}],"curies":[{"name":"wp","href":"https:\/\/api.w.org\/{rel}","templated":true}]}}