{"id":75,"date":"2020-07-04T15:52:19","date_gmt":"2020-07-04T13:52:19","guid":{"rendered":"https:\/\/ballonprojekt.weg-schwabach.de\/?page_id=75"},"modified":"2020-07-04T16:09:13","modified_gmt":"2020-07-04T14:09:13","slug":"ueber-das-weg","status":"publish","type":"page","link":"https:\/\/ballonprojekt.weg-schwabach.de\/index.php\/ueber-das-weg\/","title":{"rendered":"\u00dcber das WEG"},"content":{"rendered":"\n<p>Das Wolfram-von-Eschenbach-Gymnasium Schwabach ist eines von nur sieben Gymnasien in ganz Bayern, deren Schulprofil ausschlie\u00dflich von der musischen Ausbildungsrichtung gepr\u00e4gt wird. Die musischen F\u00e4cher Kunsterziehung und vor allem Musik bestimmen unser Schulleben in besonderer Weise und f\u00fchren zu einer Schulatmosph\u00e4re die vom Miteinander gepr\u00e4gt ist. Der musische Akzent kommt dabei in einer st\u00e4rkeren Ausstattung der beiden F\u00e4cher mit Unterrichtsstunden zum Ausdruck, sowie in vielf\u00e4ltigen musikalischen Aktivit\u00e4ten wie Konzerten, Musicals, Bigband, Chorkonzerten usw.<br>Jeder unserer Sch\u00fcler kann aus einem breiten Spektrum angebotener Instrumente dasjenige ausw\u00e4hlen, das seiner Neigung besonders entgegenkommt und das er im Kleingruppenunterricht &#8211; in der Regel ein bis drei Sch\u00fcler pro Gruppe &#8211; erlernen will. Zur Auswahl stehen aktuell Klavier und Orgel, Geige, Bratsche, Cello und Kontrabass, Querfl\u00f6te, Klarinette und Saxophon, Trompete, Horn und Posaune sowie Gitarre und Harfe, wobei Vorkenntnisse nicht erforderlich sind.<br>Eine Vielzahl von Ensembles (z. B. mehrere Ch\u00f6re und Orchester) bietet unseren Sch\u00fclern die M\u00f6glichkeit, in der Gruppe zu musizieren und an vielen Konzerten und anderen Veranstaltungen mitzuwirken. <\/p>\n\n\n\n<p>Bei all diesen musikalischen Aktivit\u00e4ten vernachl\u00e4ssigt das Wolfram-von-Eschenbach-Gymnasium aber die Naturwissenschaften durchaus nicht. Die Stundenausstattung im zentralen Fach Mathematik ist sowieso an allen gymnasialen Ausbildungsrichtungen die gleiche. Unsere Sch\u00fcler erhalten also dieselbe solide mathematische Grundbildung wie alle anderen bayerischen Gymnasiasten. Die Naturwissenschaften wurden mit den Reformen am Gymnasium in den letzten Jahren deutlich gest\u00e4rkt; Chemie setzt jetzt schon zwei Jahre fr\u00fcher ein, Physik ein Jahr; und schon ab der 5. Klasse f\u00fchrt das neue Pflichtfach Natur und Technik die Sch\u00fcler an naturwissenschaftliche Arbeitsweisen heran. In der sechsten und siebten Jahrgangsstufe erhalten alle unsere Sch\u00fclerinnen und Sch\u00fcler in unseren modernen Computerr\u00e4umen Informatikunterricht, der durch ein attraktives Wahlangebot (Homepagegestaltung, Computergrafik etc.) in der Mittelstufe fortgef\u00fchrt und erg\u00e4nzt wird. <\/p>\n\n\n\n<p>Seit einigen Jahren bietet das Wolfram-von-Eschenbach-Gymnasium Sch\u00fclern und Eltern bei der Wahl der ersten Fremdsprache Englisch oder Latein an; die jeweils andere Sprache setzt dann in der 6. Jahrgangsstufe als zweite Fremdsprache ein. Nach der neunten Klasse k\u00f6nnen unsere Sch\u00fcler Latein ablegen, um stattdessen in den drei letzten Schuljahren eine weitere lebende Fremdsprache, die Weltsprache Spanisch, zu erlernen. Unabh\u00e4ngig davon k\u00f6nnen sie aber Spanisch auch schon in der Mittelstufe als Wahlfach belegen, ebenso wie Franz\u00f6sisch oder Chinesisch. Letztere wird sowohl als Wahlfach, als auch im Rahmen des Anreicherungsprogrammes f\u00fcr Hochbegabte angeboten, das das Wolfram-von-Eschenbach-Gymnasium zusammen mit einigen Nachbarschulen durchf\u00fchrt.<\/p>\n\n\n\n<p>Das Wolfram-von-Eschenbach-Gymnasium pflegt traditionell Sch\u00fcleraustausch mit dem Regenbogen-Gymnasium in Litauen. Bei gegenseitigen Besuchen sind schon viele dauerhafte Kontakte und Freundschaften gekn\u00fcpft worden. Die Schullandheimaufenthalte (5. Klasse) und Studienfahrten (11.Klasse) sowie die Wintersportwoche in der 7. Klasse tragen neben vielen fachlich ausgerichteten Exkursionen zum Schulleben bei. An sie erinnern sich unsere Sch\u00fclerinnen und Sch\u00fcler noch nach Jahren. Zus\u00e4tzlich feiert die Schule abwechselnd von einem Jahr zum anderen entweder ein sommerliches Schulfest, das Wolframsfest, zu dem an einem Samstag Eltern, Lehrer, Sch\u00fcler und viele &#8222;Ehemalige&#8220; unter einem Motto einen abwechslungsreichen Tag mit vielen Veranstaltungen, Auftritten und Ausstellungen verbringen. Oder es finden jeweils im M\u00e4rz die Wolframs-Literaturtage statt, zu denen namhafte Autoren f\u00fcr Lesungen anreisen, ein Schreibwettbewerb der Sch\u00fcler und zahlreiche weitere literarische Aktivit\u00e4ten viel Zuspruch finden. Auch hier wird das Ganze umrahmt von einem Festprogramm; f\u00fcr das leibliche Wohl ist jeweils gesorgt.<\/p>\n\n\n\n<p>Das Wolfram-von-Eschenbach-Gymnasium Schwabach ist der Tradition verpflichtet, die Eltern in den schulischen Prozess mit einzubinden, in einer \u00fcberschaubaren, musisch gepr\u00e4gten, humanen Schule ihre Sch\u00fclerinnen bzw. Sch\u00fcler zu f\u00f6rdern und zu fordern, sie zu verantwortungsbewussten jungen Menschen zu erziehen und ihnen eine tragf\u00e4hige Basis f\u00fcr einen erfolgreichen Berufsweg zu vermitteln.<\/p>\n\n\n\n<p>OStD Dr. Kifmann<\/p>\n","protected":false},"excerpt":{"rendered":"<p>Das Wolfram-von-Eschenbach-Gymnasium Schwabach ist eines von nur sieben Gymnasien in ganz Bayern, deren Schulprofil ausschlie\u00dflich von der musischen Ausbildungsrichtung gepr\u00e4gt wird. Die musischen F\u00e4cher Kunsterziehung und vor allem Musik bestimmen unser Schulleben in besonderer Weise und f\u00fchren zu einer Schulatmosph\u00e4re die vom Miteinander gepr\u00e4gt ist. Der musische Akzent kommt dabei in einer st\u00e4rkeren Ausstattung der&#8230;<\/p>\n","protected":false},"author":3,"featured_media":81,"parent":0,"menu_order":0,"comment_status":"closed","ping_status":"closed","template":"","meta":[],"_links":{"self":[{"href":"https:\/\/ballonprojekt.weg-schwabach.de\/index.php\/wp-json\/wp\/v2\/pages\/75"}],"collection":[{"href":"https:\/\/ballonprojekt.weg-schwabach.de\/index.php\/wp-json\/wp\/v2\/pages"}],"about":[{"href":"https:\/\/ballonprojekt.weg-schwabach.de\/index.php\/wp-json\/wp\/v2\/types\/page"}],"author":[{"embeddable":true,"href":"https:\/\/ballonprojekt.weg-schwabach.de\/index.php\/wp-json\/wp\/v2\/users\/3"}],"replies":[{"embeddable":true,"href":"https:\/\/ballonprojekt.weg-schwabach.de\/index.php\/wp-json\/wp\/v2\/comments?post=75"}],"version-history":[{"count":3,"href":"https:\/\/ballonprojekt.weg-schwabach.de\/index.php\/wp-json\/wp\/v2\/pages\/75\/revisions"}],"predecessor-version":[{"id":82,"href":"https:\/\/ballonprojekt.weg-schwabach.de\/index.php\/wp-json\/wp\/v2\/pages\/75\/revisions\/82"}],"wp:featuredmedia":[{"embeddable":true,"href":"https:\/\/ballonprojekt.weg-schwabach.de\/index.php\/wp-json\/wp\/v2\/media\/81"}],"wp:attachment":[{"href":"https:\/\/ballonprojekt.weg-schwabach.de\/index.php\/wp-json\/wp\/v2\/media?parent=75"}],"curies":[{"name":"wp","href":"https:\/\/api.w.org\/{rel}","templated":true}]}}